{"id":5598,"date":"2021-12-01T00:36:04","date_gmt":"2021-11-30T23:36:04","guid":{"rendered":"https:\/\/nwa.aero\/news\/"},"modified":"2024-08-27T18:18:56","modified_gmt":"2024-08-27T16:18:56","slug":"news","status":"publish","type":"page","link":"https:\/\/nwa.aero\/en\/news\/","title":{"rendered":"News"},"content":{"rendered":"\t\t<div data-elementor-type=\"wp-page\" data-elementor-id=\"5598\" class=\"elementor elementor-5598 elementor-3913\" data-elementor-post-type=\"page\">\n\t\t\t\t\t\t<section class=\"elementor-section elementor-top-section elementor-element elementor-element-59952fe elementor-section-boxed elementor-section-height-default elementor-section-height-default\" data-id=\"59952fe\" data-element_type=\"section\">\n\t\t\t\t\t\t<div class=\"elementor-container elementor-column-gap-default\">\n\t\t\t\t\t<div class=\"elementor-column elementor-col-100 elementor-top-column elementor-element elementor-element-45ac34e\" data-id=\"45ac34e\" data-element_type=\"column\">\n\t\t\t<div class=\"elementor-widget-wrap elementor-element-populated\">\n\t\t\t\t\t\t<div class=\"elementor-element elementor-element-4b25faa elementor-grid-3 elementor-grid-tablet-2 elementor-grid-mobile-1 elementor-widget elementor-widget-elementor-blog-posts\" data-id=\"4b25faa\" data-element_type=\"widget\" data-settings=\"{&quot;columns&quot;:&quot;3&quot;,&quot;columns_tablet&quot;:&quot;2&quot;,&quot;columns_mobile&quot;:&quot;1&quot;}\" data-widget_type=\"elementor-blog-posts.default\">\n\t\t\t\t<div class=\"elementor-widget-container\">\n\t\t\t\t\t<div class=\"wpcap-grid\">\n\t\t\t\t\t\t<div class=\"wpcap-grid-container elementor-grid wpcap-grid-desktop-3 wpcap-grid-tablet-2 wpcap-grid-mobile-1 grid-meta-bottom\">\n\n\t\t\t\t\n\t\t\t<\/div>\n\t\t<\/div>\n\t\t\t\t<\/div>\n\t\t\t\t<\/div>\n\t\t\t\t\t<\/div>\n\t\t<\/div>\n\t\t\t\t\t<\/div>\n\t\t<\/section>\n\t\t\t\t<section class=\"elementor-section elementor-top-section elementor-element elementor-element-08695e3 elementor-section-boxed elementor-section-height-default elementor-section-height-default\" data-id=\"08695e3\" data-element_type=\"section\">\n\t\t\t\t\t\t<div class=\"elementor-container elementor-column-gap-default\">\n\t\t\t\t\t<div class=\"elementor-column elementor-col-100 elementor-top-column elementor-element elementor-element-3b714d3\" data-id=\"3b714d3\" data-element_type=\"column\">\n\t\t\t<div class=\"elementor-widget-wrap elementor-element-populated\">\n\t\t\t\t\t\t<div class=\"elementor-element elementor-element-d3d394b elementor-widget elementor-widget-spacer\" data-id=\"d3d394b\" data-element_type=\"widget\" data-widget_type=\"spacer.default\">\n\t\t\t\t<div class=\"elementor-widget-container\">\n\t\t\t<style>\/*! elementor - v3.21.0 - 25-04-2024 *\/\n.elementor-column .elementor-spacer-inner{height:var(--spacer-size)}.e-con{--container-widget-width:100%}.e-con-inner>.elementor-widget-spacer,.e-con>.elementor-widget-spacer{width:var(--container-widget-width,var(--spacer-size));--align-self:var(--container-widget-align-self,initial);--flex-shrink:0}.e-con-inner>.elementor-widget-spacer>.elementor-widget-container,.e-con>.elementor-widget-spacer>.elementor-widget-container{height:100%;width:100%}.e-con-inner>.elementor-widget-spacer>.elementor-widget-container>.elementor-spacer,.e-con>.elementor-widget-spacer>.elementor-widget-container>.elementor-spacer{height:100%}.e-con-inner>.elementor-widget-spacer>.elementor-widget-container>.elementor-spacer>.elementor-spacer-inner,.e-con>.elementor-widget-spacer>.elementor-widget-container>.elementor-spacer>.elementor-spacer-inner{height:var(--container-widget-height,var(--spacer-size))}.e-con-inner>.elementor-widget-spacer.elementor-widget-empty,.e-con>.elementor-widget-spacer.elementor-widget-empty{position:relative;min-height:22px;min-width:22px}.e-con-inner>.elementor-widget-spacer.elementor-widget-empty .elementor-widget-empty-icon,.e-con>.elementor-widget-spacer.elementor-widget-empty .elementor-widget-empty-icon{position:absolute;top:0;bottom:0;left:0;right:0;margin:auto;padding:0;width:22px;height:22px}<\/style>\t\t<div class=\"elementor-spacer\">\n\t\t\t<div class=\"elementor-spacer-inner\"><\/div>\n\t\t<\/div>\n\t\t\t\t<\/div>\n\t\t\t\t<\/div>\n\t\t\t\t\t<\/div>\n\t\t<\/div>\n\t\t\t\t\t<\/div>\n\t\t<\/section>\n\t\t\t\t<\/div>\n\t\t","protected":false},"excerpt":{"rendered":"","protected":false},"author":2,"featured_media":0,"parent":0,"menu_order":0,"comment_status":"closed","ping_status":"closed","template":"","meta":{"om_disable_all_campaigns":false,"_monsterinsights_skip_tracking":false,"_monsterinsights_sitenote_active":false,"_monsterinsights_sitenote_note":"","_monsterinsights_sitenote_category":0,"_uf_show_specific_survey":0,"_uf_disable_surveys":false,"footnotes":""},"class_list":["post-5598","page","type-page","status-publish","hentry"],"yoast_head":"<!-- This site is optimized with the Yoast SEO plugin v25.0 - https:\/\/yoast.com\/wordpress\/plugins\/seo\/ -->\n<title>News | NWA Aero<\/title>\n<meta name=\"description\" content=\"NWA Aero \u27a4 News \u2714\ufe0f Pe\u0142na gama szkole\u0144 lotniczych \u2714\ufe0f Profesjonalni instruktorzy \u2b50 Sprawd\u017a!\" \/>\n<meta name=\"robots\" content=\"index, follow, max-snippet:-1, max-image-preview:large, max-video-preview:-1\" \/>\n<link rel=\"canonical\" href=\"https:\/\/nwa.aero\/en\/news\/\" \/>\n<meta property=\"og:locale\" content=\"en_US\" \/>\n<meta property=\"og:type\" content=\"article\" \/>\n<meta property=\"og:title\" content=\"News | NWA Aero\" \/>\n<meta property=\"og:description\" content=\"NWA Aero \u27a4 News \u2714\ufe0f Pe\u0142na gama szkole\u0144 lotniczych \u2714\ufe0f Profesjonalni instruktorzy \u2b50 Sprawd\u017a!\" \/>\n<meta property=\"og:url\" content=\"https:\/\/nwa.aero\/en\/news\/\" \/>\n<meta property=\"og:site_name\" content=\"Noble Wings Academy - ASIA\" \/>\n<meta property=\"article:modified_time\" content=\"2024-08-27T16:18:56+00:00\" \/>\n<meta name=\"twitter:card\" content=\"summary_large_image\" \/>\n<script type=\"application\/ld+json\" class=\"yoast-schema-graph\">{\"@context\":\"https:\/\/schema.org\",\"@graph\":[{\"@type\":\"WebPage\",\"@id\":\"https:\/\/nwa.aero\/en\/news\/\",\"url\":\"https:\/\/nwa.aero\/en\/news\/\",\"name\":\"News | NWA Aero\",\"isPartOf\":{\"@id\":\"https:\/\/nwa.aero\/#website\"},\"datePublished\":\"2021-11-30T23:36:04+00:00\",\"dateModified\":\"2024-08-27T16:18:56+00:00\",\"description\":\"NWA Aero \u27a4 News \u2714\ufe0f Pe\u0142na gama szkole\u0144 lotniczych \u2714\ufe0f Profesjonalni instruktorzy \u2b50 Sprawd\u017a!\",\"breadcrumb\":{\"@id\":\"https:\/\/nwa.aero\/en\/news\/#breadcrumb\"},\"inLanguage\":\"en-US\",\"potentialAction\":[{\"@type\":\"ReadAction\",\"target\":[\"https:\/\/nwa.aero\/en\/news\/\"]}]},{\"@type\":\"BreadcrumbList\",\"@id\":\"https:\/\/nwa.aero\/en\/news\/#breadcrumb\",\"itemListElement\":[{\"@type\":\"ListItem\",\"position\":1,\"name\":\"Strona g\u0142\u00f3wna\",\"item\":\"https:\/\/nwa.aero\/en\/\"},{\"@type\":\"ListItem\",\"position\":2,\"name\":\"News\"}]},{\"@type\":\"WebSite\",\"@id\":\"https:\/\/nwa.aero\/#website\",\"url\":\"https:\/\/nwa.aero\/\",\"name\":\"Noble Wings Academy - ASIA\",\"description\":\"Zdob\u0105d\u017a licencj\u0119 pilota w najlepszej szkole pilota\u017cu Noble Wings Academy\",\"publisher\":{\"@id\":\"https:\/\/nwa.aero\/#organization\"},\"potentialAction\":[{\"@type\":\"SearchAction\",\"target\":{\"@type\":\"EntryPoint\",\"urlTemplate\":\"https:\/\/nwa.aero\/?s={search_term_string}\"},\"query-input\":{\"@type\":\"PropertyValueSpecification\",\"valueRequired\":true,\"valueName\":\"search_term_string\"}}],\"inLanguage\":\"en-US\"},{\"@type\":\"Organization\",\"@id\":\"https:\/\/nwa.aero\/#organization\",\"name\":\"Noble Wings Academy - Szko\u0142a pilota\u017cu\",\"url\":\"https:\/\/nwa.aero\/\",\"logo\":{\"@type\":\"ImageObject\",\"inLanguage\":\"en-US\",\"@id\":\"https:\/\/nwa.aero\/#\/schema\/logo\/image\/\",\"url\":\"https:\/\/nwa.aero\/wp-content\/uploads\/2021\/06\/cropped-ikona2-nwa-na-stron\u0119-.png\",\"contentUrl\":\"https:\/\/nwa.aero\/wp-content\/uploads\/2021\/06\/cropped-ikona2-nwa-na-stron\u0119-.png\",\"width\":512,\"height\":512,\"caption\":\"Noble Wings Academy - Szko\u0142a pilota\u017cu\"},\"image\":{\"@id\":\"https:\/\/nwa.aero\/#\/schema\/logo\/image\/\"}}]}<\/script>\n<!-- \/ Yoast SEO plugin. -->","yoast_head_json":{"title":"News | NWA Aero","description":"NWA Aero \u27a4 News \u2714\ufe0f Pe\u0142na gama szkole\u0144 lotniczych \u2714\ufe0f Profesjonalni instruktorzy \u2b50 Sprawd\u017a!","robots":{"index":"index","follow":"follow","max-snippet":"max-snippet:-1","max-image-preview":"max-image-preview:large","max-video-preview":"max-video-preview:-1"},"canonical":"https:\/\/nwa.aero\/en\/news\/","og_locale":"en_US","og_type":"article","og_title":"News | NWA Aero","og_description":"NWA Aero \u27a4 News \u2714\ufe0f Pe\u0142na gama szkole\u0144 lotniczych \u2714\ufe0f Profesjonalni instruktorzy \u2b50 Sprawd\u017a!","og_url":"https:\/\/nwa.aero\/en\/news\/","og_site_name":"Noble Wings Academy - ASIA","article_modified_time":"2024-08-27T16:18:56+00:00","twitter_card":"summary_large_image","schema":{"@context":"https:\/\/schema.org","@graph":[{"@type":"WebPage","@id":"https:\/\/nwa.aero\/en\/news\/","url":"https:\/\/nwa.aero\/en\/news\/","name":"News | NWA Aero","isPartOf":{"@id":"https:\/\/nwa.aero\/#website"},"datePublished":"2021-11-30T23:36:04+00:00","dateModified":"2024-08-27T16:18:56+00:00","description":"NWA Aero \u27a4 News \u2714\ufe0f Pe\u0142na gama szkole\u0144 lotniczych \u2714\ufe0f Profesjonalni instruktorzy \u2b50 Sprawd\u017a!","breadcrumb":{"@id":"https:\/\/nwa.aero\/en\/news\/#breadcrumb"},"inLanguage":"en-US","potentialAction":[{"@type":"ReadAction","target":["https:\/\/nwa.aero\/en\/news\/"]}]},{"@type":"BreadcrumbList","@id":"https:\/\/nwa.aero\/en\/news\/#breadcrumb","itemListElement":[{"@type":"ListItem","position":1,"name":"Strona g\u0142\u00f3wna","item":"https:\/\/nwa.aero\/en\/"},{"@type":"ListItem","position":2,"name":"News"}]},{"@type":"WebSite","@id":"https:\/\/nwa.aero\/#website","url":"https:\/\/nwa.aero\/","name":"Noble Wings Academy - ASIA","description":"Zdob\u0105d\u017a licencj\u0119 pilota w najlepszej szkole pilota\u017cu Noble Wings Academy","publisher":{"@id":"https:\/\/nwa.aero\/#organization"},"potentialAction":[{"@type":"SearchAction","target":{"@type":"EntryPoint","urlTemplate":"https:\/\/nwa.aero\/?s={search_term_string}"},"query-input":{"@type":"PropertyValueSpecification","valueRequired":true,"valueName":"search_term_string"}}],"inLanguage":"en-US"},{"@type":"Organization","@id":"https:\/\/nwa.aero\/#organization","name":"Noble Wings Academy - Szko\u0142a pilota\u017cu","url":"https:\/\/nwa.aero\/","logo":{"@type":"ImageObject","inLanguage":"en-US","@id":"https:\/\/nwa.aero\/#\/schema\/logo\/image\/","url":"https:\/\/nwa.aero\/wp-content\/uploads\/2021\/06\/cropped-ikona2-nwa-na-stron\u0119-.png","contentUrl":"https:\/\/nwa.aero\/wp-content\/uploads\/2021\/06\/cropped-ikona2-nwa-na-stron\u0119-.png","width":512,"height":512,"caption":"Noble Wings Academy - Szko\u0142a pilota\u017cu"},"image":{"@id":"https:\/\/nwa.aero\/#\/schema\/logo\/image\/"}}]}},"_links":{"self":[{"href":"https:\/\/nwa.aero\/en\/wp-json\/wp\/v2\/pages\/5598","targetHints":{"allow":["GET"]}}],"collection":[{"href":"https:\/\/nwa.aero\/en\/wp-json\/wp\/v2\/pages"}],"about":[{"href":"https:\/\/nwa.aero\/en\/wp-json\/wp\/v2\/types\/page"}],"author":[{"embeddable":true,"href":"https:\/\/nwa.aero\/en\/wp-json\/wp\/v2\/users\/2"}],"replies":[{"embeddable":true,"href":"https:\/\/nwa.aero\/en\/wp-json\/wp\/v2\/comments?post=5598"}],"version-history":[{"count":1,"href":"https:\/\/nwa.aero\/en\/wp-json\/wp\/v2\/pages\/5598\/revisions"}],"predecessor-version":[{"id":5599,"href":"https:\/\/nwa.aero\/en\/wp-json\/wp\/v2\/pages\/5598\/revisions\/5599"}],"wp:attachment":[{"href":"https:\/\/nwa.aero\/en\/wp-json\/wp\/v2\/media?parent=5598"}],"curies":[{"name":"wp","href":"https:\/\/api.w.org\/{rel}","templated":true}]}}